{"id":3089,"date":"2024-04-30T17:25:06","date_gmt":"2024-04-30T15:25:06","guid":{"rendered":"https:\/\/atlantic-advisors.es\/datenschutzbestimmungen\/"},"modified":"2024-07-22T11:35:40","modified_gmt":"2024-07-22T09:35:40","slug":"datenschutzbestimmungen","status":"publish","type":"page","link":"https:\/\/atlantic-advisors.es\/de\/datenschutzbestimmungen\/","title":{"rendered":"Datenschutzbestimmungen"},"content":{"rendered":"\t\t<div data-elementor-type=\"wp-page\" data-elementor-id=\"3089\" class=\"elementor elementor-3089 elementor-2621\" data-elementor-settings=\"{&quot;ha_cmc_init_switcher&quot;:&quot;no&quot;}\" data-elementor-post-type=\"page\">\n\t\t\t\t<div class=\"elementor-element elementor-element-m9k9j26 e-flex e-con-boxed elementor-invisible e-con e-parent\" data-id=\"m9k9j26\" data-element_type=\"container\" data-e-type=\"container\" data-settings=\"{&quot;background_background&quot;:&quot;gradient&quot;,&quot;animation&quot;:&quot;fadeIn&quot;,&quot;_ha_eqh_enable&quot;:false}\">\n\t\t\t\t\t<div class=\"e-con-inner\">\n\t\t<div class=\"elementor-element elementor-element-4193b14 e-con-full e-flex e-con e-child\" data-id=\"4193b14\" data-element_type=\"container\" data-e-type=\"container\" data-settings=\"{&quot;_ha_eqh_enable&quot;:false}\">\n\t\t\t\t<div class=\"elementor-element elementor-element-77ae71a elementor-widget elementor-widget-heading\" data-id=\"77ae71a\" data-element_type=\"widget\" data-e-type=\"widget\" data-widget_type=\"heading.default\">\n\t\t\t\t<div class=\"elementor-widget-container\">\n\t\t\t\t\t<h2 class=\"elementor-heading-title elementor-size-default\">Datenschutzbestimmungen<\/h2>\t\t\t\t<\/div>\n\t\t\t\t<\/div>\n\t\t\t\t<div class=\"elementor-element elementor-element-5edbc8b elementor-widget elementor-widget-text-editor\" data-id=\"5edbc8b\" data-element_type=\"widget\" data-e-type=\"widget\" data-widget_type=\"text-editor.default\">\n\t\t\t\t<div class=\"elementor-widget-container\">\n\t\t\t\t\t\t\t\t\t<p>Vielen Dank f\u00fcr Ihr Interesse an den Dienstleistungen von Atlantic Advisors Spain S.L. Bei Atlantic Advisors Spain S.L. nehmen wir die Privatsph\u00e4re und den Schutz der pers\u00f6nlichen Daten unserer Kunden und Nutzer sehr ernst. Diese Datenschutzrichtlinie beschreibt, wie wir die Informationen, die wir \u00fcber unsere Website und andere digitale Medien sammeln, verwenden, weitergeben und sch\u00fctzen.<\/p>\n<p><strong>1. Informationen, die wir sammeln:<\/strong><br \/>Wir erfassen personenbezogene Daten, die Sie uns direkt zur Verf\u00fcgung stellen, wie z.B. Ihren Namen, Ihre E-Mail-Adresse, Ihre Telefonnummer und andere Informationen, die erforderlich sind, um Ihnen unsere Dienstleistungen anzubieten.<\/p>\n<p><strong>2. Verwendung von Informationen:<\/strong><br \/>Wir k\u00f6nnen Ihre E-Mail-Adresse verwenden, um Ihnen Updates, Neuigkeiten und andere relevante Informationen \u00fcber unsere Dienstleistungen zu senden. Wenn Sie zu irgendeinem Zeitpunkt keine E-Mails mehr von uns erhalten m\u00f6chten, teilen Sie uns dies bitte per E-Mail mit, und wir werden Ihnen keine weiteren Mitteilungen mehr schicken.<\/p>\n<p><strong>3. Austausch von Informationen:<\/strong><br \/>Partner und Dienstleister: Wir geben keine Informationen an Dritte weiter, es sei denn, Sie geben uns Ihre ausdr\u00fcckliche Zustimmung. Bei diesen Dritten handelt es sich um Gesch\u00e4ftspartner und Dienstleister, die den Betrieb unseres Unternehmens erleichtern, um Ihnen einen besseren Service zu bieten.<\/p>\n<p style=\"font-weight: 400;\"><strong>3.1 Gesetzliche Konformit\u00e4t:<\/strong><\/p>\n<p style=\"font-weight: 400;\">Wir behalten uns das Recht vor, Informationen offenzulegen, wenn dies erforderlich ist, um das Gesetz einzuhalten, unsere Rechte zu sch\u00fctzen oder auf Gerichtsverfahren zu reagieren.<\/p>\n<p><strong>4. Informationssicherheit:<\/strong><\/p>\n<p>Wir ergreifen angemessene Ma\u00dfnahmen, um pers\u00f6nliche Daten vor unbefugtem Zugriff, Ver\u00e4nderung, Weitergabe oder Zerst\u00f6rung zu sch\u00fctzen. Wir verwenden Sicherheitstechnologien und -verfahren, um die Vertraulichkeit Ihrer Daten zu gew\u00e4hrleisten.<\/p>\n<p><strong>5. Links zu Drittparteien:<\/strong><\/p>\n<p>Unsere Website kann Links zu Websites von Dritten enthalten. Wir sind nicht verantwortlich f\u00fcr die Datenschutzpraktiken oder den Inhalt dieser Websites. Wir empfehlen Ihnen, die Datenschutzrichtlinien jeder Website zu lesen, auf die Sie \u00fcber unsere Website zugreifen.<\/p>\n<p><strong>6. \u00c4nderungen der Datenschutzbestimmungen:<\/strong><\/p>\n<p>Wir behalten uns das Recht vor, diese Datenschutzrichtlinie jederzeit zu aktualisieren. \u00dcber wesentliche \u00c4nderungen werden Sie \u00fcber unsere Website oder andere Kommunikationsmittel informiert.<\/p>\n<p>Durch die Nutzung unserer Website erkl\u00e4ren Sie sich mit den Bedingungen dieser Datenschutzrichtlinie einverstanden. Wenn Sie Fragen oder Bedenken bez\u00fcglich unserer Datenschutzpraktiken haben, k\u00f6nnen Sie uns gerne per E-Mail kontaktieren.<\/p>\n<p>Vielen Dank, dass Sie Atlantic Advisors Spain S.L. Ihr Vertrauen schenken. Wir verpflichten uns, Ihre Privatsph\u00e4re zu sch\u00fctzen und die Sicherheit Ihrer pers\u00f6nlichen Daten zu gew\u00e4hrleisten.<\/p>\n\t\t\t\t\t\t\t\t<\/div>\n\t\t\t\t<\/div>\n\t\t\t\t<\/div>\n\t\t\t\t\t<\/div>\n\t\t\t\t<\/div>\n\t\t\t\t<\/div>\n\t\t","protected":false},"excerpt":{"rendered":"<p>Datenschutzbestimmungen Vielen Dank f\u00fcr Ihr Interesse an den Dienstleistungen von Atlantic Advisors Spain S.L. Bei Atlantic Advisors Spain S.L. nehmen wir die Privatsph\u00e4re und den Schutz der pers\u00f6nlichen Daten unserer Kunden und Nutzer sehr ernst. Diese Datenschutzrichtlinie beschreibt, wie wir die Informationen, die wir \u00fcber unsere Website und andere digitale Medien sammeln, verwenden, weitergeben und [&hellip;]<\/p>\n","protected":false},"author":1,"featured_media":0,"parent":0,"menu_order":0,"comment_status":"closed","ping_status":"closed","template":"","meta":{"_coblocks_attr":"","_coblocks_dimensions":"","_coblocks_responsive_height":"","_coblocks_accordion_ie_support":"","site-sidebar-layout":"no-sidebar","site-content-layout":"page-builder","ast-site-content-layout":"full-width-container","site-content-style":"default","site-sidebar-style":"default","ast-global-header-display":"","ast-banner-title-visibility":"","ast-main-header-display":"","ast-hfb-above-header-display":"","ast-hfb-below-header-display":"","ast-hfb-mobile-header-display":"","site-post-title":"disabled","ast-breadcrumbs-content":"","ast-featured-img":"disabled","footer-sml-layout":"","ast-disable-related-posts":"","theme-transparent-header-meta":"","adv-header-id-meta":"","stick-header-meta":"","header-above-stick-meta":"","header-main-stick-meta":"","header-below-stick-meta":"","astra-migrate-meta-layouts":"default","ast-page-background-enabled":"default","ast-page-background-meta":{"desktop":{"background-color":"var(--ast-global-color-4)","background-image":"","background-repeat":"repeat","background-position":"center center","background-size":"auto","background-attachment":"scroll","background-type":"","background-media":"","overlay-type":"","overlay-color":"","overlay-opacity":"","overlay-gradient":""},"tablet":{"background-color":"","background-image":"","background-repeat":"repeat","background-position":"center center","background-size":"auto","background-attachment":"scroll","background-type":"","background-media":"","overlay-type":"","overlay-color":"","overlay-opacity":"","overlay-gradient":""},"mobile":{"background-color":"","background-image":"","background-repeat":"repeat","background-position":"center center","background-size":"auto","background-attachment":"scroll","background-type":"","background-media":"","overlay-type":"","overlay-color":"","overlay-opacity":"","overlay-gradient":""}},"ast-content-background-meta":{"desktop":{"background-color":"var(--ast-global-color-5)","background-image":"","background-repeat":"repeat","background-position":"center center","background-size":"auto","background-attachment":"scroll","background-type":"","background-media":"","overlay-type":"","overlay-color":"","overlay-opacity":"","overlay-gradient":""},"tablet":{"background-color":"var(--ast-global-color-5)","background-image":"","background-repeat":"repeat","background-position":"center center","background-size":"auto","background-attachment":"scroll","background-type":"","background-media":"","overlay-type":"","overlay-color":"","overlay-opacity":"","overlay-gradient":""},"mobile":{"background-color":"var(--ast-global-color-5)","background-image":"","background-repeat":"repeat","background-position":"center center","background-size":"auto","background-attachment":"scroll","background-type":"","background-media":"","overlay-type":"","overlay-color":"","overlay-opacity":"","overlay-gradient":""}},"_joinchat":[],"footnotes":""},"class_list":["post-3089","page","type-page","status-publish","hentry"],"yoast_head":"<!-- This site is optimized with the Yoast SEO plugin v27.5 - https:\/\/yoast.com\/product\/yoast-seo-wordpress\/ -->\n<title>Datenschutzbestimmungen - Atlantic Advisors Spain<\/title>\n<meta name=\"robots\" content=\"index, follow, max-snippet:-1, max-image-preview:large, max-video-preview:-1\" \/>\n<link rel=\"canonical\" href=\"https:\/\/atlantic-advisors.es\/de\/datenschutzbestimmungen\/\" \/>\n<meta property=\"og:locale\" content=\"de_DE\" \/>\n<meta property=\"og:type\" content=\"article\" \/>\n<meta property=\"og:title\" content=\"Datenschutzbestimmungen - Atlantic Advisors Spain\" \/>\n<meta property=\"og:description\" content=\"Datenschutzbestimmungen Vielen Dank f\u00fcr Ihr Interesse an den Dienstleistungen von Atlantic Advisors Spain S.L. Bei Atlantic Advisors Spain S.L. nehmen wir die Privatsph\u00e4re und den Schutz der pers\u00f6nlichen Daten unserer Kunden und Nutzer sehr ernst. Diese Datenschutzrichtlinie beschreibt, wie wir die Informationen, die wir \u00fcber unsere Website und andere digitale Medien sammeln, verwenden, weitergeben und [&hellip;]\" \/>\n<meta property=\"og:url\" content=\"https:\/\/atlantic-advisors.es\/de\/datenschutzbestimmungen\/\" \/>\n<meta property=\"og:site_name\" content=\"Atlantic Advisors Spain\" \/>\n<meta property=\"article:modified_time\" content=\"2024-07-22T09:35:40+00:00\" \/>\n<meta name=\"twitter:card\" content=\"summary_large_image\" \/>\n<meta name=\"twitter:label1\" content=\"Gesch\u00e4tzte Lesezeit\" \/>\n\t<meta name=\"twitter:data1\" content=\"2\u00a0Minuten\" \/>\n<script type=\"application\/ld+json\" class=\"yoast-schema-graph\">{\"@context\":\"https:\\\/\\\/schema.org\",\"@graph\":[{\"@type\":\"WebPage\",\"@id\":\"https:\\\/\\\/atlantic-advisors.es\\\/de\\\/datenschutzbestimmungen\\\/\",\"url\":\"https:\\\/\\\/atlantic-advisors.es\\\/de\\\/datenschutzbestimmungen\\\/\",\"name\":\"Datenschutzbestimmungen - Atlantic Advisors Spain\",\"isPartOf\":{\"@id\":\"https:\\\/\\\/atlantic-advisors.es\\\/de\\\/#website\"},\"datePublished\":\"2024-04-30T15:25:06+00:00\",\"dateModified\":\"2024-07-22T09:35:40+00:00\",\"breadcrumb\":{\"@id\":\"https:\\\/\\\/atlantic-advisors.es\\\/de\\\/datenschutzbestimmungen\\\/#breadcrumb\"},\"inLanguage\":\"de\",\"potentialAction\":[{\"@type\":\"ReadAction\",\"target\":[\"https:\\\/\\\/atlantic-advisors.es\\\/de\\\/datenschutzbestimmungen\\\/\"]}]},{\"@type\":\"BreadcrumbList\",\"@id\":\"https:\\\/\\\/atlantic-advisors.es\\\/de\\\/datenschutzbestimmungen\\\/#breadcrumb\",\"itemListElement\":[{\"@type\":\"ListItem\",\"position\":1,\"name\":\"Home\",\"item\":\"https:\\\/\\\/atlantic-advisors.es\\\/de\\\/\"},{\"@type\":\"ListItem\",\"position\":2,\"name\":\"Datenschutzbestimmungen\"}]},{\"@type\":\"WebSite\",\"@id\":\"https:\\\/\\\/atlantic-advisors.es\\\/de\\\/#website\",\"url\":\"https:\\\/\\\/atlantic-advisors.es\\\/de\\\/\",\"name\":\"Atlantic Advisors Spain\",\"description\":\"Your Administrative Family Office on the Costa del Sol (Asset Administration and Reporting)\",\"publisher\":{\"@id\":\"https:\\\/\\\/atlantic-advisors.es\\\/de\\\/#organization\"},\"potentialAction\":[{\"@type\":\"SearchAction\",\"target\":{\"@type\":\"EntryPoint\",\"urlTemplate\":\"https:\\\/\\\/atlantic-advisors.es\\\/de\\\/?s={search_term_string}\"},\"query-input\":{\"@type\":\"PropertyValueSpecification\",\"valueRequired\":true,\"valueName\":\"search_term_string\"}}],\"inLanguage\":\"de\"},{\"@type\":\"Organization\",\"@id\":\"https:\\\/\\\/atlantic-advisors.es\\\/de\\\/#organization\",\"name\":\"Atlantic Advisors Spain\",\"url\":\"https:\\\/\\\/atlantic-advisors.es\\\/de\\\/\",\"logo\":{\"@type\":\"ImageObject\",\"inLanguage\":\"de\",\"@id\":\"https:\\\/\\\/atlantic-advisors.es\\\/de\\\/#\\\/schema\\\/logo\\\/image\\\/\",\"url\":\"https:\\\/\\\/atlantic-advisors.es\\\/wp-content\\\/uploads\\\/2024\\\/03\\\/LIGHTnocopy.png\",\"contentUrl\":\"https:\\\/\\\/atlantic-advisors.es\\\/wp-content\\\/uploads\\\/2024\\\/03\\\/LIGHTnocopy.png\",\"width\":2652,\"height\":990,\"caption\":\"Atlantic Advisors Spain\"},\"image\":{\"@id\":\"https:\\\/\\\/atlantic-advisors.es\\\/de\\\/#\\\/schema\\\/logo\\\/image\\\/\"}}]}<\/script>\n<!-- \/ Yoast SEO plugin. -->","yoast_head_json":{"title":"Datenschutzbestimmungen - Atlantic Advisors Spain","robots":{"index":"index","follow":"follow","max-snippet":"max-snippet:-1","max-image-preview":"max-image-preview:large","max-video-preview":"max-video-preview:-1"},"canonical":"https:\/\/atlantic-advisors.es\/de\/datenschutzbestimmungen\/","og_locale":"de_DE","og_type":"article","og_title":"Datenschutzbestimmungen - Atlantic Advisors Spain","og_description":"Datenschutzbestimmungen Vielen Dank f\u00fcr Ihr Interesse an den Dienstleistungen von Atlantic Advisors Spain S.L. Bei Atlantic Advisors Spain S.L. nehmen wir die Privatsph\u00e4re und den Schutz der pers\u00f6nlichen Daten unserer Kunden und Nutzer sehr ernst. Diese Datenschutzrichtlinie beschreibt, wie wir die Informationen, die wir \u00fcber unsere Website und andere digitale Medien sammeln, verwenden, weitergeben und [&hellip;]","og_url":"https:\/\/atlantic-advisors.es\/de\/datenschutzbestimmungen\/","og_site_name":"Atlantic Advisors Spain","article_modified_time":"2024-07-22T09:35:40+00:00","twitter_card":"summary_large_image","twitter_misc":{"Gesch\u00e4tzte Lesezeit":"2\u00a0Minuten"},"schema":{"@context":"https:\/\/schema.org","@graph":[{"@type":"WebPage","@id":"https:\/\/atlantic-advisors.es\/de\/datenschutzbestimmungen\/","url":"https:\/\/atlantic-advisors.es\/de\/datenschutzbestimmungen\/","name":"Datenschutzbestimmungen - Atlantic Advisors Spain","isPartOf":{"@id":"https:\/\/atlantic-advisors.es\/de\/#website"},"datePublished":"2024-04-30T15:25:06+00:00","dateModified":"2024-07-22T09:35:40+00:00","breadcrumb":{"@id":"https:\/\/atlantic-advisors.es\/de\/datenschutzbestimmungen\/#breadcrumb"},"inLanguage":"de","potentialAction":[{"@type":"ReadAction","target":["https:\/\/atlantic-advisors.es\/de\/datenschutzbestimmungen\/"]}]},{"@type":"BreadcrumbList","@id":"https:\/\/atlantic-advisors.es\/de\/datenschutzbestimmungen\/#breadcrumb","itemListElement":[{"@type":"ListItem","position":1,"name":"Home","item":"https:\/\/atlantic-advisors.es\/de\/"},{"@type":"ListItem","position":2,"name":"Datenschutzbestimmungen"}]},{"@type":"WebSite","@id":"https:\/\/atlantic-advisors.es\/de\/#website","url":"https:\/\/atlantic-advisors.es\/de\/","name":"Atlantic Advisors Spain","description":"Your Administrative Family Office on the Costa del Sol (Asset Administration and Reporting)","publisher":{"@id":"https:\/\/atlantic-advisors.es\/de\/#organization"},"potentialAction":[{"@type":"SearchAction","target":{"@type":"EntryPoint","urlTemplate":"https:\/\/atlantic-advisors.es\/de\/?s={search_term_string}"},"query-input":{"@type":"PropertyValueSpecification","valueRequired":true,"valueName":"search_term_string"}}],"inLanguage":"de"},{"@type":"Organization","@id":"https:\/\/atlantic-advisors.es\/de\/#organization","name":"Atlantic Advisors Spain","url":"https:\/\/atlantic-advisors.es\/de\/","logo":{"@type":"ImageObject","inLanguage":"de","@id":"https:\/\/atlantic-advisors.es\/de\/#\/schema\/logo\/image\/","url":"https:\/\/atlantic-advisors.es\/wp-content\/uploads\/2024\/03\/LIGHTnocopy.png","contentUrl":"https:\/\/atlantic-advisors.es\/wp-content\/uploads\/2024\/03\/LIGHTnocopy.png","width":2652,"height":990,"caption":"Atlantic Advisors Spain"},"image":{"@id":"https:\/\/atlantic-advisors.es\/de\/#\/schema\/logo\/image\/"}}]}},"_links":{"self":[{"href":"https:\/\/atlantic-advisors.es\/de\/wp-json\/wp\/v2\/pages\/3089","targetHints":{"allow":["GET"]}}],"collection":[{"href":"https:\/\/atlantic-advisors.es\/de\/wp-json\/wp\/v2\/pages"}],"about":[{"href":"https:\/\/atlantic-advisors.es\/de\/wp-json\/wp\/v2\/types\/page"}],"author":[{"embeddable":true,"href":"https:\/\/atlantic-advisors.es\/de\/wp-json\/wp\/v2\/users\/1"}],"replies":[{"embeddable":true,"href":"https:\/\/atlantic-advisors.es\/de\/wp-json\/wp\/v2\/comments?post=3089"}],"version-history":[{"count":2,"href":"https:\/\/atlantic-advisors.es\/de\/wp-json\/wp\/v2\/pages\/3089\/revisions"}],"predecessor-version":[{"id":3821,"href":"https:\/\/atlantic-advisors.es\/de\/wp-json\/wp\/v2\/pages\/3089\/revisions\/3821"}],"wp:attachment":[{"href":"https:\/\/atlantic-advisors.es\/de\/wp-json\/wp\/v2\/media?parent=3089"}],"curies":[{"name":"wp","href":"https:\/\/api.w.org\/{rel}","templated":true}]}}