{"id":2874,"date":"2024-04-30T17:25:06","date_gmt":"2024-04-30T15:25:06","guid":{"rendered":"https:\/\/atlantic-advisors.es\/politica-de-privacidad\/"},"modified":"2024-07-22T11:27:51","modified_gmt":"2024-07-22T09:27:51","slug":"politica-de-privacidad","status":"publish","type":"page","link":"https:\/\/atlantic-advisors.es\/es\/politica-de-privacidad\/","title":{"rendered":"Pol\u00edtica de privacidad"},"content":{"rendered":"\t\t<div data-elementor-type=\"wp-page\" data-elementor-id=\"2874\" class=\"elementor elementor-2874 elementor-2621\" data-elementor-settings=\"{&quot;ha_cmc_init_switcher&quot;:&quot;no&quot;}\" data-elementor-post-type=\"page\">\n\t\t\t\t<div class=\"elementor-element elementor-element-m9k9j26 e-flex e-con-boxed elementor-invisible e-con e-parent\" data-id=\"m9k9j26\" data-element_type=\"container\" data-e-type=\"container\" data-settings=\"{&quot;background_background&quot;:&quot;gradient&quot;,&quot;animation&quot;:&quot;fadeIn&quot;,&quot;_ha_eqh_enable&quot;:false}\">\n\t\t\t\t\t<div class=\"e-con-inner\">\n\t\t<div class=\"elementor-element elementor-element-4193b14 e-con-full e-flex e-con e-child\" data-id=\"4193b14\" data-element_type=\"container\" data-e-type=\"container\" data-settings=\"{&quot;_ha_eqh_enable&quot;:false}\">\n\t\t\t\t<div class=\"elementor-element elementor-element-77ae71a elementor-widget elementor-widget-heading\" data-id=\"77ae71a\" data-element_type=\"widget\" data-e-type=\"widget\" data-widget_type=\"heading.default\">\n\t\t\t\t<div class=\"elementor-widget-container\">\n\t\t\t\t\t<h2 class=\"elementor-heading-title elementor-size-default\">Pol\u00edtica de privacidad<\/h2>\t\t\t\t<\/div>\n\t\t\t\t<\/div>\n\t\t\t\t<div class=\"elementor-element elementor-element-5edbc8b elementor-widget elementor-widget-text-editor\" data-id=\"5edbc8b\" data-element_type=\"widget\" data-e-type=\"widget\" data-widget_type=\"text-editor.default\">\n\t\t\t\t<div class=\"elementor-widget-container\">\n\t\t\t\t\t\t\t\t\t<p>Gracias por su inter\u00e9s en los servicios de Atlantic Advisors Spain S.L. En Atlantic Advisors Spain S.L. nos tomamos muy en serio la privacidad y la protecci\u00f3n de los datos personales de nuestros clientes y usuarios. Esta Pol\u00edtica de Privacidad describe c\u00f3mo recogemos, utilizamos, compartimos y protegemos la informaci\u00f3n que recopilamos a trav\u00e9s de nuestro sitio web y otros medios digitales.<\/p>\n<p><strong>1. Informaci\u00f3n que recogemos:<\/strong><br \/>Recogemos informaci\u00f3n personal que nos proporciona directamente, como su nombre, direcci\u00f3n de correo electr\u00f3nico, n\u00famero de tel\u00e9fono y otra informaci\u00f3n necesaria para prestarle nuestros servicios.<\/p>\n<p><strong>2. Uso de la informaci\u00f3n:<\/strong><br \/>Podemos utilizar su direcci\u00f3n de correo electr\u00f3nico para enviarle actualizaciones, noticias y otra informaci\u00f3n relevante sobre nuestros servicios. Si en alg\u00fan momento desea dejar de recibir nuestros correos electr\u00f3nicos, h\u00e1ganoslo saber por correo electr\u00f3nico y dejaremos de enviarle comunicaciones.<\/p>\n<p><strong>3. Compartir informaci\u00f3n:<\/strong><br \/>Socios y proveedores de servicios: No compartimos informaci\u00f3n con terceros a menos que nos de su consentimiento expreso. Estos terceros son socios comerciales y proveedores de servicios que facilitan el funcionamiento de nuestra empresa para ofrecerle mejores servicios.<\/p>\n<p style=\"font-weight: 400;\"><strong>3.1 Cumplimiento legal:<\/strong><\/p>\n<p style=\"font-weight: 400;\">Nos reservamos el derecho a revelar informaci\u00f3n cuando sea necesario para cumplir la ley, proteger nuestros derechos legales o responder a procesos legales.<\/p>\n<p><strong>4. Seguridad de la Informaci\u00f3n:<\/strong><\/p>\n<p>Tomamos medidas razonables para proteger los datos personales contra el acceso no autorizado, la alteraci\u00f3n, la divulgaci\u00f3n o la destrucci\u00f3n. Utilizamos tecnolog\u00edas y procedimientos de seguridad para garantizar la confidencialidad de su informaci\u00f3n.<\/p>\n<p><strong>5. Enlaces a terceros:<\/strong><\/p>\n<p>Nuestro sitio web puede contener enlaces a sitios web de terceros. No somos responsables de las pr\u00e1cticas de privacidad ni del contenido de estos sitios. Le animamos a que revise las pol\u00edticas de privacidad de cualquier sitio al que acceda desde el nuestro.<\/p>\n<p><strong>6. Cambios en la Pol\u00edtica de Privacidad:<\/strong><\/p>\n<p>Nos reservamos el derecho a actualizar esta Pol\u00edtica de Privacidad en cualquier momento. Se le notificar\u00e1 cualquier cambio significativo a trav\u00e9s de nuestro sitio web o por otros medios de comunicaci\u00f3n.<\/p>\n<p>Al utilizar nuestro sitio web, acepta los t\u00e9rminos de esta Pol\u00edtica de Privacidad. Si tiene alguna pregunta o duda sobre nuestras pr\u00e1cticas de privacidad, no dude en ponerse en contacto con nosotros por correo electr\u00f3nico.<\/p>\n<p>Gracias por depositar su confianza en Atlantic Advisors Spain S.L. Nos comprometemos a proteger su privacidad y la seguridad de su informaci\u00f3n personal.<\/p>\n\t\t\t\t\t\t\t\t<\/div>\n\t\t\t\t<\/div>\n\t\t\t\t<\/div>\n\t\t\t\t\t<\/div>\n\t\t\t\t<\/div>\n\t\t\t\t<\/div>\n\t\t","protected":false},"excerpt":{"rendered":"<p>Pol\u00edtica de privacidad Gracias por su inter\u00e9s en los servicios de Atlantic Advisors Spain S.L. En Atlantic Advisors Spain S.L. nos tomamos muy en serio la privacidad y la protecci\u00f3n de los datos personales de nuestros clientes y usuarios. Esta Pol\u00edtica de Privacidad describe c\u00f3mo recogemos, utilizamos, compartimos y protegemos la informaci\u00f3n que recopilamos a [&hellip;]<\/p>\n","protected":false},"author":1,"featured_media":0,"parent":0,"menu_order":0,"comment_status":"closed","ping_status":"closed","template":"","meta":{"_coblocks_attr":"","_coblocks_dimensions":"","_coblocks_responsive_height":"","_coblocks_accordion_ie_support":"","site-sidebar-layout":"no-sidebar","site-content-layout":"page-builder","ast-site-content-layout":"full-width-container","site-content-style":"default","site-sidebar-style":"default","ast-global-header-display":"","ast-banner-title-visibility":"","ast-main-header-display":"","ast-hfb-above-header-display":"","ast-hfb-below-header-display":"","ast-hfb-mobile-header-display":"","site-post-title":"disabled","ast-breadcrumbs-content":"","ast-featured-img":"disabled","footer-sml-layout":"","ast-disable-related-posts":"","theme-transparent-header-meta":"","adv-header-id-meta":"","stick-header-meta":"","header-above-stick-meta":"","header-main-stick-meta":"","header-below-stick-meta":"","astra-migrate-meta-layouts":"default","ast-page-background-enabled":"default","ast-page-background-meta":{"desktop":{"background-color":"var(--ast-global-color-4)","background-image":"","background-repeat":"repeat","background-position":"center center","background-size":"auto","background-attachment":"scroll","background-type":"","background-media":"","overlay-type":"","overlay-color":"","overlay-opacity":"","overlay-gradient":""},"tablet":{"background-color":"","background-image":"","background-repeat":"repeat","background-position":"center center","background-size":"auto","background-attachment":"scroll","background-type":"","background-media":"","overlay-type":"","overlay-color":"","overlay-opacity":"","overlay-gradient":""},"mobile":{"background-color":"","background-image":"","background-repeat":"repeat","background-position":"center center","background-size":"auto","background-attachment":"scroll","background-type":"","background-media":"","overlay-type":"","overlay-color":"","overlay-opacity":"","overlay-gradient":""}},"ast-content-background-meta":{"desktop":{"background-color":"var(--ast-global-color-5)","background-image":"","background-repeat":"repeat","background-position":"center center","background-size":"auto","background-attachment":"scroll","background-type":"","background-media":"","overlay-type":"","overlay-color":"","overlay-opacity":"","overlay-gradient":""},"tablet":{"background-color":"var(--ast-global-color-5)","background-image":"","background-repeat":"repeat","background-position":"center center","background-size":"auto","background-attachment":"scroll","background-type":"","background-media":"","overlay-type":"","overlay-color":"","overlay-opacity":"","overlay-gradient":""},"mobile":{"background-color":"var(--ast-global-color-5)","background-image":"","background-repeat":"repeat","background-position":"center center","background-size":"auto","background-attachment":"scroll","background-type":"","background-media":"","overlay-type":"","overlay-color":"","overlay-opacity":"","overlay-gradient":""}},"_joinchat":[],"footnotes":""},"class_list":["post-2874","page","type-page","status-publish","hentry"],"yoast_head":"<!-- This site is optimized with the Yoast SEO plugin v27.5 - https:\/\/yoast.com\/product\/yoast-seo-wordpress\/ -->\n<title>Pol\u00edtica de privacidad - Atlantic Advisors Spain<\/title>\n<meta name=\"robots\" content=\"index, follow, max-snippet:-1, max-image-preview:large, max-video-preview:-1\" \/>\n<link rel=\"canonical\" href=\"https:\/\/atlantic-advisors.es\/es\/politica-de-privacidad\/\" \/>\n<meta property=\"og:locale\" content=\"es_ES\" \/>\n<meta property=\"og:type\" content=\"article\" \/>\n<meta property=\"og:title\" content=\"Pol\u00edtica de privacidad - Atlantic Advisors Spain\" \/>\n<meta property=\"og:description\" content=\"Pol\u00edtica de privacidad Gracias por su inter\u00e9s en los servicios de Atlantic Advisors Spain S.L. En Atlantic Advisors Spain S.L. nos tomamos muy en serio la privacidad y la protecci\u00f3n de los datos personales de nuestros clientes y usuarios. Esta Pol\u00edtica de Privacidad describe c\u00f3mo recogemos, utilizamos, compartimos y protegemos la informaci\u00f3n que recopilamos a [&hellip;]\" \/>\n<meta property=\"og:url\" content=\"https:\/\/atlantic-advisors.es\/es\/politica-de-privacidad\/\" \/>\n<meta property=\"og:site_name\" content=\"Atlantic Advisors Spain\" \/>\n<meta property=\"article:modified_time\" content=\"2024-07-22T09:27:51+00:00\" \/>\n<meta name=\"twitter:card\" content=\"summary_large_image\" \/>\n<meta name=\"twitter:label1\" content=\"Tiempo de lectura\" \/>\n\t<meta name=\"twitter:data1\" content=\"2 minutos\" \/>\n<script type=\"application\/ld+json\" class=\"yoast-schema-graph\">{\"@context\":\"https:\\\/\\\/schema.org\",\"@graph\":[{\"@type\":\"WebPage\",\"@id\":\"https:\\\/\\\/atlantic-advisors.es\\\/es\\\/politica-de-privacidad\\\/\",\"url\":\"https:\\\/\\\/atlantic-advisors.es\\\/es\\\/politica-de-privacidad\\\/\",\"name\":\"Pol\u00edtica de privacidad - Atlantic Advisors Spain\",\"isPartOf\":{\"@id\":\"https:\\\/\\\/atlantic-advisors.es\\\/es\\\/#website\"},\"datePublished\":\"2024-04-30T15:25:06+00:00\",\"dateModified\":\"2024-07-22T09:27:51+00:00\",\"breadcrumb\":{\"@id\":\"https:\\\/\\\/atlantic-advisors.es\\\/es\\\/politica-de-privacidad\\\/#breadcrumb\"},\"inLanguage\":\"es\",\"potentialAction\":[{\"@type\":\"ReadAction\",\"target\":[\"https:\\\/\\\/atlantic-advisors.es\\\/es\\\/politica-de-privacidad\\\/\"]}]},{\"@type\":\"BreadcrumbList\",\"@id\":\"https:\\\/\\\/atlantic-advisors.es\\\/es\\\/politica-de-privacidad\\\/#breadcrumb\",\"itemListElement\":[{\"@type\":\"ListItem\",\"position\":1,\"name\":\"Home\",\"item\":\"https:\\\/\\\/atlantic-advisors.es\\\/es\\\/\"},{\"@type\":\"ListItem\",\"position\":2,\"name\":\"Pol\u00edtica de privacidad\"}]},{\"@type\":\"WebSite\",\"@id\":\"https:\\\/\\\/atlantic-advisors.es\\\/es\\\/#website\",\"url\":\"https:\\\/\\\/atlantic-advisors.es\\\/es\\\/\",\"name\":\"Atlantic Advisors Spain\",\"description\":\"Your Administrative Family Office on the Costa del Sol (Asset Administration and Reporting)\",\"publisher\":{\"@id\":\"https:\\\/\\\/atlantic-advisors.es\\\/es\\\/#organization\"},\"potentialAction\":[{\"@type\":\"SearchAction\",\"target\":{\"@type\":\"EntryPoint\",\"urlTemplate\":\"https:\\\/\\\/atlantic-advisors.es\\\/es\\\/?s={search_term_string}\"},\"query-input\":{\"@type\":\"PropertyValueSpecification\",\"valueRequired\":true,\"valueName\":\"search_term_string\"}}],\"inLanguage\":\"es\"},{\"@type\":\"Organization\",\"@id\":\"https:\\\/\\\/atlantic-advisors.es\\\/es\\\/#organization\",\"name\":\"Atlantic Advisors Spain\",\"url\":\"https:\\\/\\\/atlantic-advisors.es\\\/es\\\/\",\"logo\":{\"@type\":\"ImageObject\",\"inLanguage\":\"es\",\"@id\":\"https:\\\/\\\/atlantic-advisors.es\\\/es\\\/#\\\/schema\\\/logo\\\/image\\\/\",\"url\":\"https:\\\/\\\/atlantic-advisors.es\\\/wp-content\\\/uploads\\\/2024\\\/03\\\/LIGHTnocopy.png\",\"contentUrl\":\"https:\\\/\\\/atlantic-advisors.es\\\/wp-content\\\/uploads\\\/2024\\\/03\\\/LIGHTnocopy.png\",\"width\":2652,\"height\":990,\"caption\":\"Atlantic Advisors Spain\"},\"image\":{\"@id\":\"https:\\\/\\\/atlantic-advisors.es\\\/es\\\/#\\\/schema\\\/logo\\\/image\\\/\"}}]}<\/script>\n<!-- \/ Yoast SEO plugin. -->","yoast_head_json":{"title":"Pol\u00edtica de privacidad - Atlantic Advisors Spain","robots":{"index":"index","follow":"follow","max-snippet":"max-snippet:-1","max-image-preview":"max-image-preview:large","max-video-preview":"max-video-preview:-1"},"canonical":"https:\/\/atlantic-advisors.es\/es\/politica-de-privacidad\/","og_locale":"es_ES","og_type":"article","og_title":"Pol\u00edtica de privacidad - Atlantic Advisors Spain","og_description":"Pol\u00edtica de privacidad Gracias por su inter\u00e9s en los servicios de Atlantic Advisors Spain S.L. En Atlantic Advisors Spain S.L. nos tomamos muy en serio la privacidad y la protecci\u00f3n de los datos personales de nuestros clientes y usuarios. Esta Pol\u00edtica de Privacidad describe c\u00f3mo recogemos, utilizamos, compartimos y protegemos la informaci\u00f3n que recopilamos a [&hellip;]","og_url":"https:\/\/atlantic-advisors.es\/es\/politica-de-privacidad\/","og_site_name":"Atlantic Advisors Spain","article_modified_time":"2024-07-22T09:27:51+00:00","twitter_card":"summary_large_image","twitter_misc":{"Tiempo de lectura":"2 minutos"},"schema":{"@context":"https:\/\/schema.org","@graph":[{"@type":"WebPage","@id":"https:\/\/atlantic-advisors.es\/es\/politica-de-privacidad\/","url":"https:\/\/atlantic-advisors.es\/es\/politica-de-privacidad\/","name":"Pol\u00edtica de privacidad - Atlantic Advisors Spain","isPartOf":{"@id":"https:\/\/atlantic-advisors.es\/es\/#website"},"datePublished":"2024-04-30T15:25:06+00:00","dateModified":"2024-07-22T09:27:51+00:00","breadcrumb":{"@id":"https:\/\/atlantic-advisors.es\/es\/politica-de-privacidad\/#breadcrumb"},"inLanguage":"es","potentialAction":[{"@type":"ReadAction","target":["https:\/\/atlantic-advisors.es\/es\/politica-de-privacidad\/"]}]},{"@type":"BreadcrumbList","@id":"https:\/\/atlantic-advisors.es\/es\/politica-de-privacidad\/#breadcrumb","itemListElement":[{"@type":"ListItem","position":1,"name":"Home","item":"https:\/\/atlantic-advisors.es\/es\/"},{"@type":"ListItem","position":2,"name":"Pol\u00edtica de privacidad"}]},{"@type":"WebSite","@id":"https:\/\/atlantic-advisors.es\/es\/#website","url":"https:\/\/atlantic-advisors.es\/es\/","name":"Atlantic Advisors Spain","description":"Your Administrative Family Office on the Costa del Sol (Asset Administration and Reporting)","publisher":{"@id":"https:\/\/atlantic-advisors.es\/es\/#organization"},"potentialAction":[{"@type":"SearchAction","target":{"@type":"EntryPoint","urlTemplate":"https:\/\/atlantic-advisors.es\/es\/?s={search_term_string}"},"query-input":{"@type":"PropertyValueSpecification","valueRequired":true,"valueName":"search_term_string"}}],"inLanguage":"es"},{"@type":"Organization","@id":"https:\/\/atlantic-advisors.es\/es\/#organization","name":"Atlantic Advisors Spain","url":"https:\/\/atlantic-advisors.es\/es\/","logo":{"@type":"ImageObject","inLanguage":"es","@id":"https:\/\/atlantic-advisors.es\/es\/#\/schema\/logo\/image\/","url":"https:\/\/atlantic-advisors.es\/wp-content\/uploads\/2024\/03\/LIGHTnocopy.png","contentUrl":"https:\/\/atlantic-advisors.es\/wp-content\/uploads\/2024\/03\/LIGHTnocopy.png","width":2652,"height":990,"caption":"Atlantic Advisors Spain"},"image":{"@id":"https:\/\/atlantic-advisors.es\/es\/#\/schema\/logo\/image\/"}}]}},"_links":{"self":[{"href":"https:\/\/atlantic-advisors.es\/es\/wp-json\/wp\/v2\/pages\/2874","targetHints":{"allow":["GET"]}}],"collection":[{"href":"https:\/\/atlantic-advisors.es\/es\/wp-json\/wp\/v2\/pages"}],"about":[{"href":"https:\/\/atlantic-advisors.es\/es\/wp-json\/wp\/v2\/types\/page"}],"author":[{"embeddable":true,"href":"https:\/\/atlantic-advisors.es\/es\/wp-json\/wp\/v2\/users\/1"}],"replies":[{"embeddable":true,"href":"https:\/\/atlantic-advisors.es\/es\/wp-json\/wp\/v2\/comments?post=2874"}],"version-history":[{"count":7,"href":"https:\/\/atlantic-advisors.es\/es\/wp-json\/wp\/v2\/pages\/2874\/revisions"}],"predecessor-version":[{"id":3818,"href":"https:\/\/atlantic-advisors.es\/es\/wp-json\/wp\/v2\/pages\/2874\/revisions\/3818"}],"wp:attachment":[{"href":"https:\/\/atlantic-advisors.es\/es\/wp-json\/wp\/v2\/media?parent=2874"}],"curies":[{"name":"wp","href":"https:\/\/api.w.org\/{rel}","templated":true}]}}