{"id":3109,"date":"2024-04-30T17:25:06","date_gmt":"2024-04-30T15:25:06","guid":{"rendered":"https:\/\/atlantic-advisors.es\/politique-de-confidentialite\/"},"modified":"2024-07-22T11:38:06","modified_gmt":"2024-07-22T09:38:06","slug":"politique-de-confidentialite","status":"publish","type":"page","link":"https:\/\/atlantic-advisors.es\/fr\/politique-de-confidentialite\/","title":{"rendered":"Politique de confidentialit\u00e9"},"content":{"rendered":"\t\t<div data-elementor-type=\"wp-page\" data-elementor-id=\"3109\" class=\"elementor elementor-3109 elementor-2621\" data-elementor-settings=\"{&quot;ha_cmc_init_switcher&quot;:&quot;no&quot;}\" data-elementor-post-type=\"page\">\n\t\t\t\t<div class=\"elementor-element elementor-element-m9k9j26 e-flex e-con-boxed elementor-invisible e-con e-parent\" data-id=\"m9k9j26\" data-element_type=\"container\" data-e-type=\"container\" data-settings=\"{&quot;background_background&quot;:&quot;gradient&quot;,&quot;animation&quot;:&quot;fadeIn&quot;,&quot;_ha_eqh_enable&quot;:false}\">\n\t\t\t\t\t<div class=\"e-con-inner\">\n\t\t<div class=\"elementor-element elementor-element-4193b14 e-con-full e-flex e-con e-child\" data-id=\"4193b14\" data-element_type=\"container\" data-e-type=\"container\" data-settings=\"{&quot;_ha_eqh_enable&quot;:false}\">\n\t\t\t\t<div class=\"elementor-element elementor-element-77ae71a elementor-widget elementor-widget-heading\" data-id=\"77ae71a\" data-element_type=\"widget\" data-e-type=\"widget\" data-widget_type=\"heading.default\">\n\t\t\t\t<div class=\"elementor-widget-container\">\n\t\t\t\t\t<h2 class=\"elementor-heading-title elementor-size-default\">Politique de confidentialit\u00e9<\/h2>\t\t\t\t<\/div>\n\t\t\t\t<\/div>\n\t\t\t\t<div class=\"elementor-element elementor-element-5edbc8b elementor-widget elementor-widget-text-editor\" data-id=\"5edbc8b\" data-element_type=\"widget\" data-e-type=\"widget\" data-widget_type=\"text-editor.default\">\n\t\t\t\t<div class=\"elementor-widget-container\">\n\t\t\t\t\t\t\t\t\t<p>Nous vous remercions de l&rsquo;int\u00e9r\u00eat que vous portez aux services d&rsquo;Atlantic Advisors Spain S.L. Chez Atlantic Advisors Spain S.L., nous prenons tr\u00e8s au s\u00e9rieux la confidentialit\u00e9 et la protection des informations personnelles de nos clients et utilisateurs. La pr\u00e9sente politique de confidentialit\u00e9 d\u00e9crit la mani\u00e8re dont nous recueillons, utilisons, partageons et prot\u00e9geons les informations que nous collectons par le biais de notre site web et d&rsquo;autres m\u00e9dias num\u00e9riques.<\/p>\n<p><strong>1. Les informations que nous recueillons :<\/strong><br \/>Nous recueillons les informations personnelles que vous nous fournissez directement, telles que votre nom, votre adresse \u00e9lectronique, votre num\u00e9ro de t\u00e9l\u00e9phone et d&rsquo;autres informations n\u00e9cessaires pour vous fournir nos services.<\/p>\n<p><strong>2. Utilisation des informations :<\/strong><br \/>Nous pouvons utiliser votre adresse \u00e9lectronique pour vous envoyer des mises \u00e0 jour, des nouvelles et d&rsquo;autres informations pertinentes sur nos services. Si, \u00e0 tout moment, vous souhaitez ne plus recevoir d&rsquo;e-mails de notre part, veuillez nous en informer par e-mail et nous cesserons de vous envoyer des communications.<\/p>\n<p><strong>3. Partage d&rsquo;informations :<\/strong><br \/>Partenaires et prestataires de services : Nous ne partageons pas d&rsquo;informations avec des tiers, sauf si vous nous donnez votre consentement explicite. Ces tiers sont des partenaires commerciaux et des prestataires de services qui facilitent le fonctionnement de notre entreprise afin de vous fournir de meilleurs services.<\/p>\n<p style=\"font-weight: 400;\"><strong>3.1 Conformit\u00e9 juridique :<\/strong><\/p>\n<p style=\"font-weight: 400;\">Nous nous r\u00e9servons le droit de divulguer des informations si cela s&rsquo;av\u00e8re n\u00e9cessaire pour respecter la loi, prot\u00e9ger nos droits l\u00e9gaux ou r\u00e9pondre \u00e0 des proc\u00e9dures judiciaires.<\/p>\n<p><strong>4. S\u00e9curit\u00e9 de l&rsquo;information :<\/strong><\/p>\n<p>Nous prenons des mesures raisonnables pour prot\u00e9ger les informations personnelles contre l&rsquo;acc\u00e8s non autoris\u00e9, l&rsquo;alt\u00e9ration, la divulgation ou la destruction. Nous utilisons des technologies et des proc\u00e9dures de s\u00e9curit\u00e9 pour garantir la confidentialit\u00e9 de vos informations.<\/p>\n<p><strong>5. Liens avec des tiers :<\/strong><\/p>\n<p>Notre site web peut contenir des liens vers des sites web de tiers. Nous ne sommes pas responsables des pratiques en mati\u00e8re de protection de la vie priv\u00e9e ou du contenu de ces sites. Nous vous encourageons \u00e0 consulter les politiques de confidentialit\u00e9 de tout site auquel vous acc\u00e9dez \u00e0 partir du n\u00f4tre.<\/p>\n<p><strong>6. Modifications de la politique de confidentialit\u00e9 :<\/strong><\/p>\n<p>Nous nous r\u00e9servons le droit de mettre \u00e0 jour cette politique de confidentialit\u00e9 \u00e0 tout moment. Vous serez inform\u00e9 de toute modification importante par le biais de notre site web ou par d&rsquo;autres moyens de communication.<\/p>\n<p>En utilisant notre site web, vous acceptez les termes de la pr\u00e9sente politique de confidentialit\u00e9. Si vous avez des questions ou des pr\u00e9occupations concernant nos pratiques en mati\u00e8re de protection de la vie priv\u00e9e, n&rsquo;h\u00e9sitez pas \u00e0 nous contacter par courrier \u00e9lectronique.<\/p>\n<p>Nous vous remercions d&rsquo;avoir fait confiance \u00e0 Atlantic Advisors Spain S.L. Nous nous engageons \u00e0 prot\u00e9ger votre vie priv\u00e9e et la s\u00e9curit\u00e9 de vos informations personnelles.<\/p>\n\t\t\t\t\t\t\t\t<\/div>\n\t\t\t\t<\/div>\n\t\t\t\t<\/div>\n\t\t\t\t\t<\/div>\n\t\t\t\t<\/div>\n\t\t\t\t<\/div>\n\t\t","protected":false},"excerpt":{"rendered":"<p>Politique de confidentialit\u00e9 Nous vous remercions de l&rsquo;int\u00e9r\u00eat que vous portez aux services d&rsquo;Atlantic Advisors Spain S.L. Chez Atlantic Advisors Spain S.L., nous prenons tr\u00e8s au s\u00e9rieux la confidentialit\u00e9 et la protection des informations personnelles de nos clients et utilisateurs. La pr\u00e9sente politique de confidentialit\u00e9 d\u00e9crit la mani\u00e8re dont nous recueillons, utilisons, partageons et prot\u00e9geons [&hellip;]<\/p>\n","protected":false},"author":1,"featured_media":0,"parent":0,"menu_order":0,"comment_status":"closed","ping_status":"closed","template":"","meta":{"_coblocks_attr":"","_coblocks_dimensions":"","_coblocks_responsive_height":"","_coblocks_accordion_ie_support":"","site-sidebar-layout":"no-sidebar","site-content-layout":"page-builder","ast-site-content-layout":"full-width-container","site-content-style":"default","site-sidebar-style":"default","ast-global-header-display":"","ast-banner-title-visibility":"","ast-main-header-display":"","ast-hfb-above-header-display":"","ast-hfb-below-header-display":"","ast-hfb-mobile-header-display":"","site-post-title":"disabled","ast-breadcrumbs-content":"","ast-featured-img":"disabled","footer-sml-layout":"","ast-disable-related-posts":"","theme-transparent-header-meta":"","adv-header-id-meta":"","stick-header-meta":"","header-above-stick-meta":"","header-main-stick-meta":"","header-below-stick-meta":"","astra-migrate-meta-layouts":"default","ast-page-background-enabled":"default","ast-page-background-meta":{"desktop":{"background-color":"var(--ast-global-color-4)","background-image":"","background-repeat":"repeat","background-position":"center center","background-size":"auto","background-attachment":"scroll","background-type":"","background-media":"","overlay-type":"","overlay-color":"","overlay-opacity":"","overlay-gradient":""},"tablet":{"background-color":"","background-image":"","background-repeat":"repeat","background-position":"center center","background-size":"auto","background-attachment":"scroll","background-type":"","background-media":"","overlay-type":"","overlay-color":"","overlay-opacity":"","overlay-gradient":""},"mobile":{"background-color":"","background-image":"","background-repeat":"repeat","background-position":"center center","background-size":"auto","background-attachment":"scroll","background-type":"","background-media":"","overlay-type":"","overlay-color":"","overlay-opacity":"","overlay-gradient":""}},"ast-content-background-meta":{"desktop":{"background-color":"var(--ast-global-color-5)","background-image":"","background-repeat":"repeat","background-position":"center center","background-size":"auto","background-attachment":"scroll","background-type":"","background-media":"","overlay-type":"","overlay-color":"","overlay-opacity":"","overlay-gradient":""},"tablet":{"background-color":"var(--ast-global-color-5)","background-image":"","background-repeat":"repeat","background-position":"center center","background-size":"auto","background-attachment":"scroll","background-type":"","background-media":"","overlay-type":"","overlay-color":"","overlay-opacity":"","overlay-gradient":""},"mobile":{"background-color":"var(--ast-global-color-5)","background-image":"","background-repeat":"repeat","background-position":"center center","background-size":"auto","background-attachment":"scroll","background-type":"","background-media":"","overlay-type":"","overlay-color":"","overlay-opacity":"","overlay-gradient":""}},"_joinchat":[],"footnotes":""},"class_list":["post-3109","page","type-page","status-publish","hentry"],"yoast_head":"<!-- This site is optimized with the Yoast SEO plugin v27.5 - https:\/\/yoast.com\/product\/yoast-seo-wordpress\/ -->\n<title>Politique de confidentialit\u00e9 - Atlantic Advisors Spain<\/title>\n<meta name=\"robots\" content=\"index, follow, max-snippet:-1, max-image-preview:large, max-video-preview:-1\" \/>\n<link rel=\"canonical\" href=\"https:\/\/atlantic-advisors.es\/fr\/politique-de-confidentialite\/\" \/>\n<meta property=\"og:locale\" content=\"fr_FR\" \/>\n<meta property=\"og:type\" content=\"article\" \/>\n<meta property=\"og:title\" content=\"Politique de confidentialit\u00e9 - Atlantic Advisors Spain\" \/>\n<meta property=\"og:description\" content=\"Politique de confidentialit\u00e9 Nous vous remercions de l&rsquo;int\u00e9r\u00eat que vous portez aux services d&rsquo;Atlantic Advisors Spain S.L. Chez Atlantic Advisors Spain S.L., nous prenons tr\u00e8s au s\u00e9rieux la confidentialit\u00e9 et la protection des informations personnelles de nos clients et utilisateurs. La pr\u00e9sente politique de confidentialit\u00e9 d\u00e9crit la mani\u00e8re dont nous recueillons, utilisons, partageons et prot\u00e9geons [&hellip;]\" \/>\n<meta property=\"og:url\" content=\"https:\/\/atlantic-advisors.es\/fr\/politique-de-confidentialite\/\" \/>\n<meta property=\"og:site_name\" content=\"Atlantic Advisors Spain\" \/>\n<meta property=\"article:modified_time\" content=\"2024-07-22T09:38:06+00:00\" \/>\n<meta name=\"twitter:card\" content=\"summary_large_image\" \/>\n<meta name=\"twitter:label1\" content=\"Dur\u00e9e de lecture estim\u00e9e\" \/>\n\t<meta name=\"twitter:data1\" content=\"2 minutes\" \/>\n<script type=\"application\/ld+json\" class=\"yoast-schema-graph\">{\"@context\":\"https:\\\/\\\/schema.org\",\"@graph\":[{\"@type\":\"WebPage\",\"@id\":\"https:\\\/\\\/atlantic-advisors.es\\\/fr\\\/politique-de-confidentialite\\\/\",\"url\":\"https:\\\/\\\/atlantic-advisors.es\\\/fr\\\/politique-de-confidentialite\\\/\",\"name\":\"Politique de confidentialit\u00e9 - Atlantic Advisors Spain\",\"isPartOf\":{\"@id\":\"https:\\\/\\\/atlantic-advisors.es\\\/fr\\\/#website\"},\"datePublished\":\"2024-04-30T15:25:06+00:00\",\"dateModified\":\"2024-07-22T09:38:06+00:00\",\"breadcrumb\":{\"@id\":\"https:\\\/\\\/atlantic-advisors.es\\\/fr\\\/politique-de-confidentialite\\\/#breadcrumb\"},\"inLanguage\":\"fr-FR\",\"potentialAction\":[{\"@type\":\"ReadAction\",\"target\":[\"https:\\\/\\\/atlantic-advisors.es\\\/fr\\\/politique-de-confidentialite\\\/\"]}]},{\"@type\":\"BreadcrumbList\",\"@id\":\"https:\\\/\\\/atlantic-advisors.es\\\/fr\\\/politique-de-confidentialite\\\/#breadcrumb\",\"itemListElement\":[{\"@type\":\"ListItem\",\"position\":1,\"name\":\"Home\",\"item\":\"https:\\\/\\\/atlantic-advisors.es\\\/fr\\\/\"},{\"@type\":\"ListItem\",\"position\":2,\"name\":\"Politique de confidentialit\u00e9\"}]},{\"@type\":\"WebSite\",\"@id\":\"https:\\\/\\\/atlantic-advisors.es\\\/fr\\\/#website\",\"url\":\"https:\\\/\\\/atlantic-advisors.es\\\/fr\\\/\",\"name\":\"Atlantic Advisors Spain\",\"description\":\"Your Administrative Family Office on the Costa del Sol (Asset Administration and Reporting)\",\"publisher\":{\"@id\":\"https:\\\/\\\/atlantic-advisors.es\\\/fr\\\/#organization\"},\"potentialAction\":[{\"@type\":\"SearchAction\",\"target\":{\"@type\":\"EntryPoint\",\"urlTemplate\":\"https:\\\/\\\/atlantic-advisors.es\\\/fr\\\/?s={search_term_string}\"},\"query-input\":{\"@type\":\"PropertyValueSpecification\",\"valueRequired\":true,\"valueName\":\"search_term_string\"}}],\"inLanguage\":\"fr-FR\"},{\"@type\":\"Organization\",\"@id\":\"https:\\\/\\\/atlantic-advisors.es\\\/fr\\\/#organization\",\"name\":\"Atlantic Advisors Spain\",\"url\":\"https:\\\/\\\/atlantic-advisors.es\\\/fr\\\/\",\"logo\":{\"@type\":\"ImageObject\",\"inLanguage\":\"fr-FR\",\"@id\":\"https:\\\/\\\/atlantic-advisors.es\\\/fr\\\/#\\\/schema\\\/logo\\\/image\\\/\",\"url\":\"https:\\\/\\\/atlantic-advisors.es\\\/wp-content\\\/uploads\\\/2024\\\/03\\\/LIGHTnocopy.png\",\"contentUrl\":\"https:\\\/\\\/atlantic-advisors.es\\\/wp-content\\\/uploads\\\/2024\\\/03\\\/LIGHTnocopy.png\",\"width\":2652,\"height\":990,\"caption\":\"Atlantic Advisors Spain\"},\"image\":{\"@id\":\"https:\\\/\\\/atlantic-advisors.es\\\/fr\\\/#\\\/schema\\\/logo\\\/image\\\/\"}}]}<\/script>\n<!-- \/ Yoast SEO plugin. -->","yoast_head_json":{"title":"Politique de confidentialit\u00e9 - Atlantic Advisors Spain","robots":{"index":"index","follow":"follow","max-snippet":"max-snippet:-1","max-image-preview":"max-image-preview:large","max-video-preview":"max-video-preview:-1"},"canonical":"https:\/\/atlantic-advisors.es\/fr\/politique-de-confidentialite\/","og_locale":"fr_FR","og_type":"article","og_title":"Politique de confidentialit\u00e9 - Atlantic Advisors Spain","og_description":"Politique de confidentialit\u00e9 Nous vous remercions de l&rsquo;int\u00e9r\u00eat que vous portez aux services d&rsquo;Atlantic Advisors Spain S.L. Chez Atlantic Advisors Spain S.L., nous prenons tr\u00e8s au s\u00e9rieux la confidentialit\u00e9 et la protection des informations personnelles de nos clients et utilisateurs. La pr\u00e9sente politique de confidentialit\u00e9 d\u00e9crit la mani\u00e8re dont nous recueillons, utilisons, partageons et prot\u00e9geons [&hellip;]","og_url":"https:\/\/atlantic-advisors.es\/fr\/politique-de-confidentialite\/","og_site_name":"Atlantic Advisors Spain","article_modified_time":"2024-07-22T09:38:06+00:00","twitter_card":"summary_large_image","twitter_misc":{"Dur\u00e9e de lecture estim\u00e9e":"2 minutes"},"schema":{"@context":"https:\/\/schema.org","@graph":[{"@type":"WebPage","@id":"https:\/\/atlantic-advisors.es\/fr\/politique-de-confidentialite\/","url":"https:\/\/atlantic-advisors.es\/fr\/politique-de-confidentialite\/","name":"Politique de confidentialit\u00e9 - Atlantic Advisors Spain","isPartOf":{"@id":"https:\/\/atlantic-advisors.es\/fr\/#website"},"datePublished":"2024-04-30T15:25:06+00:00","dateModified":"2024-07-22T09:38:06+00:00","breadcrumb":{"@id":"https:\/\/atlantic-advisors.es\/fr\/politique-de-confidentialite\/#breadcrumb"},"inLanguage":"fr-FR","potentialAction":[{"@type":"ReadAction","target":["https:\/\/atlantic-advisors.es\/fr\/politique-de-confidentialite\/"]}]},{"@type":"BreadcrumbList","@id":"https:\/\/atlantic-advisors.es\/fr\/politique-de-confidentialite\/#breadcrumb","itemListElement":[{"@type":"ListItem","position":1,"name":"Home","item":"https:\/\/atlantic-advisors.es\/fr\/"},{"@type":"ListItem","position":2,"name":"Politique de confidentialit\u00e9"}]},{"@type":"WebSite","@id":"https:\/\/atlantic-advisors.es\/fr\/#website","url":"https:\/\/atlantic-advisors.es\/fr\/","name":"Atlantic Advisors Spain","description":"Your Administrative Family Office on the Costa del Sol (Asset Administration and Reporting)","publisher":{"@id":"https:\/\/atlantic-advisors.es\/fr\/#organization"},"potentialAction":[{"@type":"SearchAction","target":{"@type":"EntryPoint","urlTemplate":"https:\/\/atlantic-advisors.es\/fr\/?s={search_term_string}"},"query-input":{"@type":"PropertyValueSpecification","valueRequired":true,"valueName":"search_term_string"}}],"inLanguage":"fr-FR"},{"@type":"Organization","@id":"https:\/\/atlantic-advisors.es\/fr\/#organization","name":"Atlantic Advisors Spain","url":"https:\/\/atlantic-advisors.es\/fr\/","logo":{"@type":"ImageObject","inLanguage":"fr-FR","@id":"https:\/\/atlantic-advisors.es\/fr\/#\/schema\/logo\/image\/","url":"https:\/\/atlantic-advisors.es\/wp-content\/uploads\/2024\/03\/LIGHTnocopy.png","contentUrl":"https:\/\/atlantic-advisors.es\/wp-content\/uploads\/2024\/03\/LIGHTnocopy.png","width":2652,"height":990,"caption":"Atlantic Advisors Spain"},"image":{"@id":"https:\/\/atlantic-advisors.es\/fr\/#\/schema\/logo\/image\/"}}]}},"_links":{"self":[{"href":"https:\/\/atlantic-advisors.es\/fr\/wp-json\/wp\/v2\/pages\/3109","targetHints":{"allow":["GET"]}}],"collection":[{"href":"https:\/\/atlantic-advisors.es\/fr\/wp-json\/wp\/v2\/pages"}],"about":[{"href":"https:\/\/atlantic-advisors.es\/fr\/wp-json\/wp\/v2\/types\/page"}],"author":[{"embeddable":true,"href":"https:\/\/atlantic-advisors.es\/fr\/wp-json\/wp\/v2\/users\/1"}],"replies":[{"embeddable":true,"href":"https:\/\/atlantic-advisors.es\/fr\/wp-json\/wp\/v2\/comments?post=3109"}],"version-history":[{"count":2,"href":"https:\/\/atlantic-advisors.es\/fr\/wp-json\/wp\/v2\/pages\/3109\/revisions"}],"predecessor-version":[{"id":3822,"href":"https:\/\/atlantic-advisors.es\/fr\/wp-json\/wp\/v2\/pages\/3109\/revisions\/3822"}],"wp:attachment":[{"href":"https:\/\/atlantic-advisors.es\/fr\/wp-json\/wp\/v2\/media?parent=3109"}],"curies":[{"name":"wp","href":"https:\/\/api.w.org\/{rel}","templated":true}]}}